{"id":47,"date":"2011-06-19T15:49:28","date_gmt":"2011-06-19T13:49:28","guid":{"rendered":"http:\/\/sommerfest.preuss-family.de\/?page_id=47"},"modified":"2011-06-19T15:55:22","modified_gmt":"2011-06-19T13:55:22","slug":"motto","status":"publish","type":"page","link":"https:\/\/sommerfest.preuss-family.de\/?page_id=47","title":{"rendered":"Motto"},"content":{"rendered":"<p><em>Wenn der Wind der Ver\u00e4nderung weht,<br \/>\nbauen die einen Windm\u00fchlen und die anderen Mauern.<\/em><br \/>\nChinesisches Sprichwort<\/p>\n<p>Wir m\u00f6chten die Windm\u00fchlenbauer unterst\u00fctzen und bitten an Stelle von<br \/>\nGeschenken um eine Spende<\/p>\n<p>f\u00fcr die Jugendarbeit des Handball Clubs Erlangen:<br \/>\nHC Erlangen F\u00f6rderkreis<br \/>\nKonto: 5008289<br \/>\nBLZ: 763 500 00<\/p>\n<p>oder f\u00fcr den<br \/>\nSonderfonds gegen Armut und Obdachlosigkeit in Erlangen<br \/>\nKonto: 60032094<br \/>\nBLZ: 763 500 00<\/p>\n","protected":false},"excerpt":{"rendered":"<p>Wenn der Wind der Ver\u00e4nderung weht, bauen die einen Windm\u00fchlen und die anderen Mauern. Chinesisches Sprichwort Wir m\u00f6chten die Windm\u00fchlenbauer unterst\u00fctzen und bitten an Stelle von Geschenken um eine Spende f\u00fcr die Jugendarbeit des Handball Clubs Erlangen: HC Erlangen F\u00f6rderkreis Konto: 5008289 BLZ: 763 500 00 oder f\u00fcr den Sonderfonds gegen Armut und Obdachlosigkeit in&hellip;<\/p>\n","protected":false},"author":1,"featured_media":0,"parent":0,"menu_order":0,"comment_status":"closed","ping_status":"closed","template":"page-without-comments.php","meta":{"footnotes":""},"class_list":["post-47","page","type-page","status-publish","hentry"],"_links":{"self":[{"href":"https:\/\/sommerfest.preuss-family.de\/index.php?rest_route=\/wp\/v2\/pages\/47","targetHints":{"allow":["GET"]}}],"collection":[{"href":"https:\/\/sommerfest.preuss-family.de\/index.php?rest_route=\/wp\/v2\/pages"}],"about":[{"href":"https:\/\/sommerfest.preuss-family.de\/index.php?rest_route=\/wp\/v2\/types\/page"}],"author":[{"embeddable":true,"href":"https:\/\/sommerfest.preuss-family.de\/index.php?rest_route=\/wp\/v2\/users\/1"}],"replies":[{"embeddable":true,"href":"https:\/\/sommerfest.preuss-family.de\/index.php?rest_route=%2Fwp%2Fv2%2Fcomments&post=47"}],"version-history":[{"count":6,"href":"https:\/\/sommerfest.preuss-family.de\/index.php?rest_route=\/wp\/v2\/pages\/47\/revisions"}],"predecessor-version":[{"id":54,"href":"https:\/\/sommerfest.preuss-family.de\/index.php?rest_route=\/wp\/v2\/pages\/47\/revisions\/54"}],"wp:attachment":[{"href":"https:\/\/sommerfest.preuss-family.de\/index.php?rest_route=%2Fwp%2Fv2%2Fmedia&parent=47"}],"curies":[{"name":"wp","href":"https:\/\/api.w.org\/{rel}","templated":true}]}}